{"id":473,"date":"2021-11-23T12:55:56","date_gmt":"2021-11-23T12:55:56","guid":{"rendered":"https:\/\/www.viladoconderetailpark.com\/?page_id=473"},"modified":"2024-01-31T16:53:57","modified_gmt":"2024-01-31T16:53:57","slug":"terminos-y-condiciones","status":"publish","type":"page","link":"https:\/\/www.viladoconderetailpark.com\/es\/terminos-y-condiciones\/","title":{"rendered":"T\u00e9rminos y condiciones"},"content":{"rendered":"\n<p>\u00daltima actualizaci\u00f3n: Octubre 2023<\/p>\n\n\n\n<p>Estos t\u00e9rminos y condiciones (las \u201c<strong>Condiciones<\/strong>\u201d) rigen nuestro suministro y el acceso y utilizaci\u00f3n de <a href=\"https:\/\/www.viladoconderetailpark.com\/es\/\">https:\/\/www.viladoconderetailpark.com\/es\/<\/a> (en lo sucesivo, la \u201c<strong>P\u00e1gina Web<\/strong>\u201d), adem\u00e1s de la normativa y regulaci\u00f3n aplicable.<\/p>\n\n\n\n<p><strong>Lea detenidamente estas Condiciones antes de utilizar la P\u00e1gina Web. &nbsp;La utilizaci\u00f3n de la P\u00e1gina Web implica que Usted acepta las presentes Condiciones. Si no est\u00e1 de acuerdo con estas Condiciones, no utilice la P\u00e1gina Web.<\/strong><\/p>\n\n\n\n<p>Vioutlets Vila do Conde III, Unipessoal, Lda, una sociedad de responsabilidad limitada, con domicilio social en Av. Euro 2004, 2890-154 Alcochete, Portugal, e inscrita con el Registro Mercantil 509 964 842, suministra y gestiona la P\u00e1gina Web. Las expresiones \u201c<strong>VIA Outlets<\/strong>\u201d, \u201c<strong>nosotros<\/strong>\u201d o \u201c<strong>nuestro<\/strong>\u201d en estas Condiciones hacen referencia a esta entidad.<\/p>\n\n\n\n<p>Estas Condiciones son susceptibles de cambiar puntualmente. La versi\u00f3n actual de las Condiciones se publicar\u00e1 en esta p\u00e1gina. Aseg\u00farese de repasar y de revisar estas Condiciones peri\u00f3dicamente ya que se entender\u00e1 que ha aceptado dichos cambios y que queda sujeto a ellos si sigue utilizando la P\u00e1gina Web tras la publicaci\u00f3n de cualquier modificaci\u00f3n de estas condiciones.<\/p>\n\n\n\n<p><strong>Estas Condiciones no afectan a sus derechos legales<\/strong><\/p>\n\n\n\n<p><strong><strong>1. PRIVACIDAD<\/strong><\/strong><\/p>\n\n\n\n<p>VIA Outlets se compromete a proteger su privacidad y solo utiliza los datos personales recabados o los que Usted nos proporciona de conformidad con las leyes y normas vigentes en materia de protecci\u00f3n de datos. Lea nuestra Pol\u00edtica de protecci\u00f3n de datos personales, disponible en <a href=\"https:\/\/www.viladoconderetailpark.com\/es\/politica-de-privacidad\/\">https:\/\/www.viladoconderetailpark.com\/es\/politica-de-privacidad\/<\/a> as\u00ed como nuestra Pol\u00edtica sobre Cookies disponible en <a href=\"https:\/\/www.viladoconderetailpark.com\/es\/politica-de-cookies\/\">https:\/\/www.viladoconderetailpark.com\/es\/politica-de-cookies\/<\/a>, para conocer nuestras pr\u00e1cticas.<\/p>\n\n\n\n<p><strong><strong>2. OTRAS CONDICIONES APLICABLES<\/strong><\/strong><\/p>\n\n\n\n<p>VIA Outlets y\/o las empresas asociadas ofrecen una serie de ventajas a trav\u00e9s de la P\u00e1gina Web. Por ejemplo, gestionamos un Fashion Club y, puntualmente, hacemos publicidad y organizamos concursos en la P\u00e1gina web. Dichas ventajas est\u00e1n regidas por condiciones adicionales. Le dirigiremos a estas condiciones adicionales en el momento en el que Usted interact\u00fae con nosotros en relaci\u00f3n con las correspondientes ventajas. Lea detenidamente las condiciones aplicables. Al aceptar una ventaja (por ejemplo, inscribi\u00e9ndose al Fashion Club o participando en un concurso), manifiesta que acepta las condiciones adicionales aplicables a dicha ventaja.<\/p>\n\n\n\n<p>En caso de discrepancia entre estas Condiciones y las condiciones aplicables a una ventaja ofrecida a trav\u00e9s de la P\u00e1gina Web, prevalecer\u00e1n las condiciones aplicables a dicha ventaja, en relaci\u00f3n con esa discrepancia.<\/p>\n\n\n\n<p><strong><strong>3. TITULARIDAD<\/strong><\/strong><\/p>\n\n\n\n<p>Todos los derechos de propiedad intelectual y derechos asociados, incluidos los derechos de autor, de marca registrada, de patente, de dise\u00f1o, de nombre comercial, de bases de datos y derechos conexos, as\u00ed como los de conocimientos t\u00e9cnicos (en lo sucesivo, los \u201c<strong>Derechos de Propiedad Intelectual<\/strong>\u201d) relacionados con la P\u00e1gina Web y con todos los textos, interfaces de usuario, interfaces visuales, gr\u00e1ficos, ilustraciones, fotograf\u00edas, marcas registradas, logotipos, c\u00f3digos inform\u00e1ticos y dem\u00e1s material relacionado (en conjunto, el \u201c<strong>Contenido<\/strong>\u201d), incluyendo, entre otros, el dise\u00f1o, la disposici\u00f3n, la estructura, la selecci\u00f3n, la coordinaci\u00f3n, la expresi\u00f3n, as\u00ed como el \u201caspecto\u201d del Contenido comprendido en la P\u00e1gina web son propiedad de VIA Outlets y est\u00e1n controlados o autorizados por o para VIA Outlets. Todos estos derechos est\u00e1n reservados.<\/p>\n\n\n\n<p>Nada de lo dispuesto en estas Condiciones constituye una transferencia de Derechos de Propiedad Intelectual entre nosotros y Usted. Si respeta totalmente estas Condiciones, VIA Outlets le concede un derecho de acceso a la P\u00e1gina Web, y de utilizaci\u00f3n de esta, limitado, personal, revocable, no exclusivo e intransferible a terceros, para uso personal \u00fanicamente.<\/p>\n\n\n\n<p><strong><strong>4. DISPONIBILIDAD Y FALLOS<\/strong><\/strong><\/p>\n\n\n\n<p>Si bien el objetivo de VIA Outlets es asegurar que la P\u00e1gina Web, su Contenido, las prestaciones o las ventajas ofrecidas a trav\u00e9s de la P\u00e1gina Web y la informaci\u00f3n contenida en la P\u00e1gina Web no contengan errores, no se interrumpan y no contengan fallos, ni virus, teniendo en cuenta la naturaleza de internet, es algo que no podemos garantizar.<\/p>\n\n\n\n<p>No tenemos la obligaci\u00f3n de actualizar la informaci\u00f3n contenida en la P\u00e1gina Web. Podemos modificar, corregir, suspender, interrumpir o rescindir (temporal o permanentemente) la P\u00e1gina Web (o parte de esta), su Contenido, las prestaciones o ventajas ofrecidas a trav\u00e9s de la P\u00e1gina Web y\/o la informaci\u00f3n contenida en la P\u00e1gina Web (o parte de esta), con o sin preaviso, por razones comerciales u operativas. Tambi\u00e9n podremos restringir puntualmente el acceso a la P\u00e1gina Web para la reparaci\u00f3n o el mantenimiento de esta o para la introducci\u00f3n de nuevo Contenido y de nuevas prestaciones o ventajas. Intentaremos limitar la frecuencia y la duraci\u00f3n de dichas restricciones.<\/p>\n\n\n\n<p>El acceso o la utilizaci\u00f3n de la P\u00e1gina Web (incluyendo su Contenido, las prestaciones y ventajas ofrecidas a trav\u00e9s de esta o la informaci\u00f3n que contiene) pueden estar prohibidos por ley en determinados pa\u00edses o jurisdicciones. No garantizamos que la P\u00e1gina Web (incluyendo su Contenido, las prestaciones y ventajas ofrecidas a trav\u00e9s de esta o la informaci\u00f3n que contiene) sea apropiada o que est\u00e9 disponible para su uso fuera de Portugal. Si elige acceder a la P\u00e1gina web desde fuera de Portugal, lo hace por iniciativa propia y es responsable del cumplimiento de las leyes y normas vigentes del pa\u00eds desde el que acede a la P\u00e1gina Web o hace uso de esta.<\/p>\n\n\n\n<p>La P\u00e1gina web y su Contenido se suministran en el estado en el que se encuentran actualmente y seg\u00fan disponibilidad, en la medida permitida por las leyes y las normas vigentes, y sin realizar ninguna manifestaci\u00f3n, ni ofrecer garant\u00edas de ning\u00fan tipo.<\/p>\n\n\n\n<p>Todo acceso a la P\u00e1gina web y utilizaci\u00f3n de esta se efect\u00faa bajo su responsabilidad. Deber\u00e1 utilizar su propio programa antivirus.<\/p>\n\n\n\n<p><strong><strong>5. UTILIZACI\u00d3N DE LA P\u00c1GINA WEB<\/strong><\/strong><\/p>\n\n\n\n<p>No deber\u00e1:<\/p>\n\n\n\n<ol class=\"wp-block-list\" type=\"a\">\n<li>utilizar la P\u00e1gina Web o su contenido en contra de su objetivo, de forma ilegal, contraria a estas Condiciones y\/o que de otra manera pueda perjudicar a VIA Outlets u otros;<\/li>\n\n\n\n<li>salvo en la medida expresamente permitida en estas Condiciones, copiar, descargar reproducir, volver a publicar, duplicar, retransmitir, vender, descompilar, aplicar ingenier\u00eda inversa, extraer, recopilar, distribuir o explotar para cualquier fin cualquier parte de la P\u00e1gina Web o de su Contenido sin haber obtenido previamente nuestro consentimiento;<\/li>\n\n\n\n<li>Introducir intencionadamente en la P\u00e1gina Web cualquier software malicioso o c\u00f3digo de software u otro material perjudicial desde el punto de vista tecnol\u00f3gico susceptible de modificar, inhabilitar, infectar o eliminar la P\u00e1gina Web o afectar la disponibilidad y el acceso a esta;<\/li>\n\n\n\n<li>acceder o intentar acceder sin autorizaci\u00f3n a la P\u00e1gina Web o a parte de esta, o a sistemas inform\u00e1ticos, servidores o redes conectados a la P\u00e1gina Web, o a las ventajas ofrecidas a trav\u00e9s de la p\u00e1gina web, pirate\u00e1ndola, eludir las medidas de seguridad o las limitaciones t\u00e9cnicas (incluidas las limitaciones de uso), o utilizando otros medios il\u00edcitos o ileg\u00edtimos.<\/li>\n\n\n\n<li>al utilizar la P\u00e1gina Web, facilitar intencionadamente informaci\u00f3n falsa o enga\u00f1osa; y\/o<\/li>\n\n\n\n<li>interferir con el acceso o la utilizaci\u00f3n de la P\u00e1gina Web por otra persona.<\/li>\n<\/ol>\n\n\n\n<p>Nos reservamos el derecho de suspender o de impedir el acceso a la P\u00e1gina Web (o a cualquier parte de esta) si pensamos que accede a esta o que la utiliza de forma contraria a lo dispuesto en estas Condiciones. Si imprime, copia o descarga cualquier parte de la P\u00e1gina Web de forma contraria a lo dispuesto en estas Condiciones deber\u00e1 elegir entre devolver o destruir las copias que haya realizado de los materiales.<\/p>\n\n\n\n<p><strong><strong>6. DESCRIPCI\u00d3N DE PRODUCTOS Y\/O SERVICIOS Y OTRA INFORMACI\u00d3N<\/strong><\/strong><\/p>\n\n\n\n<p>Nada de lo incluido en la P\u00e1gina Web constituye una oferta de compra o de venta de productos y\/o de servicios en ninguna jurisdicci\u00f3n, puesto que la P\u00e1gina Web se ofrece con fines puramente informativos. Las caracter\u00edsticas, descripciones, precios de los productos o servicios que aparecen en la P\u00e1gina Web y cualquier informaci\u00f3n sobre estos tienen un car\u00e1cter exclusivamente general. VIA Outlets no garantiza que un producto y\/o servicio que aparece en la P\u00e1gina Web est\u00e9 disponible o que se encuentre en existencias en Vila do Conde Retail Park en el momento en el que Usted desea comprar dicho producto y\/o servicio.<\/p>\n\n\n\n<p>Tomamos precauciones razonables para asegurar que toda la informaci\u00f3n incluida en la P\u00e1gina Web sea correcta en el momento de publicarla en la p\u00e1gina. No obstante, esta informaci\u00f3n es susceptible de cambiar y, en la medida permitida por las leyes\/normas vigentes y la regulaci\u00f3n de responsabilidad de la secci\u00f3n 9, no garantizamos de ninguna manera, ya sea expresa o impl\u00edcitamente, que la informaci\u00f3n contenida en la P\u00e1gina Web sea correcta, completa o que est\u00e9 actualizada. Por ese motivo, le recomendamos que chequee la informaci\u00f3n referente a un retailer con \u00e9l, o la informaci\u00f3n relativa a nuestros productos y servicios con nosotros.<\/p>\n\n\n\n<p><strong><strong>7. P\u00c1GINAS WEB DE TERCEROS<\/strong><\/strong><\/p>\n\n\n\n<p>La P\u00e1gina Web puede incluir enlaces a otras p\u00e1ginas web gestionadas por empresas y personas no relacionadas (en lo sucesivo, las \u201c<strong>P\u00e1ginas Web de Terceros<\/strong>\u201d). Estos enlaces se proporcionan \u00fanicamente con fines informativos.<\/p>\n\n\n\n<p>La inclusi\u00f3n en la P\u00e1gina web de un enlace a una P\u00e1gina Web de Tercero no implica que VIA Outlets se haga responsable de dicha P\u00e1gina Web de Tercero, de su contenido o utilizaci\u00f3n, o de la utilizaci\u00f3n de prestaciones, productos y\/o servicios disponibles a trav\u00e9s de esta P\u00e1gina Web de Tercero. VIA Outlets carece de control sobre dichas P\u00e1ginas Web de Terceros o sobre la informaci\u00f3n o los materiales que contienen y no ha investigado, supervisado, ni comprobado la exactitud y la exhaustividad de lo incluido en estas P\u00e1ginas Web de Terceros ni su cumplimiento de las leyes y normas vigentes. VIA Outlets no asume ninguna responsabilidad respecto de los da\u00f1os o lesiones derivados de la utilizaci\u00f3n de P\u00e1ginas Web de Terceros y de la informaci\u00f3n o de los materiales incluidos en estas. Usted accede y utiliza las P\u00e1ginas Web de Terceros bajo su responsabilidad.<\/p>\n\n\n\n<p>VIA Outlets ha suscrito acuerdos con una serie de sociedades seleccionadas cuidadosamente susceptibles de vender productos y servicios en P\u00e1ginas Web de Terceros vinculadas a la P\u00e1gina Web y que lleven nuestra marca o indiquen una asociaci\u00f3n con VIA Outlets, como en el caso de tarjetas regalo o de otras promociones similares. Cuando accede a estas P\u00e1ginas Web de Terceros mediante un enlace, puede que estas a\u00fan est\u00e9n enmarcadas en la P\u00e1gina Web o que lleven la marca de VIA Outlets. En estos casos, tenga en cuenta que el que vende estos productos y servicios es un tercero. Si bien VIA Outlets selecciona cuidadosamente a estos terceros, no asume ninguna responsabilidad respecto de los productos y servicios que estos ofrecen y venden. Por tanto, recomendamos que compruebe las condiciones de estas P\u00e1ginas Web de Terceros y de los productos y servicios que estas ofrecen.<\/p>\n\n\n\n<p><strong><strong>8. ENLACES A NUESTRA P\u00c1GINA WEB<\/strong><\/strong><\/p>\n\n\n\n<p>Puede crear un enlace a la p\u00e1gina de inicio de la P\u00e1gina Web desde otra p\u00e1gina web o documento sin el consentimiento previo de VIA Outlets, siempre que lo haga de una forma l\u00edcita, y siempre que dicho enlace:<\/p>\n\n\n\n<ol class=\"wp-block-list\" type=\"a\">\n<li>no cree un marco o cualquier otro entorno de navegaci\u00f3n en torno al contenido de la P\u00e1gina Web;<\/li>\n\n\n\n<li>no sugiera o implique que VIA Outlet respalda, aprueba o est\u00e1 asociado, de modo alguno, con: (i) la p\u00e1gina web o el documento desde el que se crea el enlace a la P\u00e1gina Web; o (ii) cualquier prestaci\u00f3n, producto o servicio de la p\u00e1gina web o documento desde el que se crea un enlace a la P\u00e1gina Web, o que est\u00e9 disponible a trav\u00e9s de estos;<\/li>\n\n\n\n<li>no muestre ninguna marca registrada utilizada en la P\u00e1gina web sin el consentimiento previo de VIA Outlets o sin el consentimiento previo del titular de dicha(s) marca(s) registrada(s);<\/li>\n\n\n\n<li>no se ubique en una p\u00e1gina web o en un documento que incluya contenido de car\u00e1cter ilegal, amenazante, calumnioso, difamatorio, obsceno, pornogr\u00e1fico o profano o que pueda constituir o incentivar conductas que se consideran delictivas o que infrinjan la legislaci\u00f3n o la normativa y\/o;<\/li>\n\n\n\n<li>no represente a VIA Outlets, sus socios o empresas colaboradoras (incluidos sus productos y\/o servicios) de manera falsa, enga\u00f1osa, despectiva o que se considere ofensiva, o que pueda da\u00f1ar o sacar provecho de la reputaci\u00f3n de VIA Outlets o de sus socios o empresas colaboradoras (incluidos sus productos y\/o servicios).<\/li>\n<\/ol>\n\n\n\n<p>Usted es el \u00fanico responsable de la p\u00e1gina web o del documento en el que coloca un enlace a la P\u00e1gina Web y de todas las manifestaciones realizadas o impresiones creadas en dicha p\u00e1gina web o documento en relaci\u00f3n con VIA Outlets, sus empresas asociadas o colaboradoras o con la P\u00e1gina Web. Usted es el \u00fanico responsable de comunicar estas Condiciones a cualquier persona que obtenga acceso a la P\u00e1gina Web a trav\u00e9s de su enlace. VIA Outlets se reserva el derecho de solicitar la retirada de los enlaces creados desde otra p\u00e1gina web o documento que incumplan las presentes Condiciones.<\/p>\n\n\n\n<p><strong><strong>9. OFERTAS DE LAS MARCAS (INCLUYENDO OFERTAS DE EMPLEO)<\/strong><\/strong><\/p>\n\n\n\n<p>Las ofertas (incluyendo ofertas de empleo) pueden ser publicadas en la P\u00e1gina Web para y en nombre de las marcas que comercian en nuestro Centro. No nos responsabilizamos ni proporcionamos ninguna garant\u00eda sobre la exactitud de las ofertas. Para cualquier duda p\u00f3ngase en contacto con las marcas directamente (los datos de contacto est\u00e1n incluidos en la oferta pertinente).<\/p>\n\n\n\n<p><strong><strong>10. RESPONSABILIDAD<\/strong><\/strong><\/p>\n\n\n\n<p> <\/p>\n\n\n\n<p>En nuestra propia capacidad y en nombre de nuestras empresas asociadas, excluimos cualquier responsabilidad derivada o relacionada con el acceso o la utilizaci\u00f3n de la P\u00e1gina Web o de cualquier p\u00e1gina web con la que est\u00e9 vinculada (tanto si se basa en contrato, negligencia, agravio, responsabilidad estricta o en cualquier otro aspecto) en relaci\u00f3n con las siguientes p\u00e9rdidas:<\/p>\n\n\n\n<ol class=\"wp-block-list\" type=\"a\">\n<li>p\u00e9rdidas causadas por una falta de disponibilidad de la P\u00e1gina Web o por aver\u00edas t\u00e9cnicas en la P\u00e1gina Web;<\/li>\n\n\n\n<li>p\u00e9rdidas causadas por un ataque de denegaci\u00f3n de servicio, virus o por cualquier otro material tecnol\u00f3gicamente perjudicial;<\/li>\n\n\n\n<li>p\u00e9rdidas causadas por la inexactitud de la P\u00e1gina Web;<\/li>\n\n\n\n<li>p\u00e9rdidas que no fueron causadas por un incumplimiento por nuestra parte;<\/li>\n\n\n\n<li>p\u00e9rdidas de negocio (incluidas las p\u00e9rdidas de beneficios, negocio, ingresos, contratos, ahorros anticipados, datos, fondo de comercio, gastos innecesarios, interrupci\u00f3n de negocio o p\u00e9rdida de oportunidad de negocio); o<\/li>\n\n\n\n<li>p\u00e9rdidas indirectas o consecuenciales.<\/li>\n<\/ol>\n\n\n\n<p>En cualquier caso, nuestra responsabilidad total, y la de nuestras empresas asociadas, derivadas o relacionadas con el acceso o la utilizaci\u00f3n de la P\u00e1gina Web o de cualquier p\u00e1gina web con la que est\u00e9 vinculada (tanto si se basa en contrato, negligencia, agravio, responsabilidad estricta o en cualquier otro aspecto) no superar\u00e1 el importe de 500 EUR.<\/p>\n\n\n\n<p>No hay nada en estas Condiciones que excluya o que limite nuestra responsabilidad (o que est\u00e9 pensado para excluir o limitar nuestra responsabilidad) en caso de: (i) muerte o lesi\u00f3n causada por una negligencia o por una mala conducta intencionada de nuestros directores ejecutivos y\/o alta direcci\u00f3n; (ii) declaraciones fraudulentas; o (iii) cualquier otra responsabilidad que no pueda ser excluida o limitada por la legislaci\u00f3n y la normativa vigentes.<\/p>\n\n\n\n<p>Las leyes de ciertos pa\u00edses no permiten algunas de las limitaciones descritas m\u00e1s arriba o todas ellas. Si est\u00e1 sujeto a dichas leyes, algunas de las limitaciones descritas anteriormente, o todas ellas, pueden no ser aplicables en su caso y puede que tenga derechos legales suplementarios.<\/p>\n\n\n\n<p><strong><strong>11. INDEMNIZACI\u00d3N<\/strong><\/strong><\/p>\n\n\n\n<p>Se compromete a indemnizar, liberar y eximir a VIA Outlets y a sus empresas asociadas, de toda reclamaci\u00f3n, responsabilidad, p\u00e9rdida, demanda o costes relacionados con el incumplimiento de las presentes Condiciones por su parte.<\/p>\n\n\n\n<p><strong><strong>12. LEGISLACI\u00d3N APLICABLE Y JURISDICCI\u00d3N COMPETENTE<\/strong><\/strong><\/p>\n\n\n\n<p>La p\u00e1gina web est\u00e1 controlada y manejada desde nuestras oficinas en Portugal. Ambos acordamos que estas Condiciones y todos los asuntos derivados del acceso a la P\u00e1gina Web y su Contenido y la utilizaci\u00f3n de esta por su parte (incluidos todos los litigios) se rigen por las leyes portuguesas. Ambos acordamos que los tribunales portugueses ser\u00e1n competentes de forma no exclusiva para resolver los litigios que puedan surgir en relaci\u00f3n con las presentes Condiciones, lo que supone que Usted podr\u00e1 presentar una demanda para hacer cumplir sus derechos de protecci\u00f3n como consumidor respecto de las presentes Condiciones ante los tribunales portugueses y ante los tribunales del pa\u00eds en el que Usted reside.<\/p>\n\n\n\n<p><strong><strong>13. GENERAL<\/strong><\/strong><\/p>\n\n\n\n<p>Estas Condiciones incluyen el acuerdo completo entre Usted y VIA Outlets respecto de la utilizaci\u00f3n de la P\u00e1gina Web. Las declaraciones, afirmaciones o los incentivos (verbales o por escrito) que no est\u00e9n incluidos en las presentes Condiciones (y sus correspondientes enmiendas) no ser\u00e1n vinculantes para Usted o para nosotros.<\/p>\n\n\n\n<p>Si en cualquier momento, alguna de las disposiciones de las presentes Condiciones pasara a ser ilegal, nula o sin efecto, por el motivo que sea, dicha nulidad no afectar\u00e1 la validez del resto de las Condiciones y se sustituir\u00e1 esta disposici\u00f3n anulada por otra disposici\u00f3n, que siendo v\u00e1lida en todos los aspectos, surtir\u00e1 un efecto tan pr\u00f3ximo como sea posible al de la disposici\u00f3n que sustituye.<\/p>\n\n\n\n<p>Podemos transferir nuestros derechos y obligaciones derivados de las presentes Condiciones a un tercero y se lo comunicaremos en esta P\u00e1gina Web.<\/p>\n\n\n\n<p><strong><strong>14. PREGUNTAS O QUEJAS<\/strong><\/strong><\/p>\n\n\n\n<p>Si tiene cualquier pregunta o queja relacionada con las presentes Condiciones o con cualquier otro asunto, puede ponerse en contacto con VIA Outlets por correo postal a VIA OUTLETS SEVILLA, S.L.U., en la siguiente direcci\u00f3n postal: Avenida Euro 2004; 2890-154 Alcochete, Portugal o enviando un correo electr\u00f3nico a la siguiente direcci\u00f3n <a href=\"mailto:Marketing.Porto@viaoutlets.com\">Marketing.Porto@viaoutlets.com<\/a>.<\/p>\n","protected":false},"excerpt":{"rendered":"\u00daltima actualizaci\u00f3n: Octubre 2023 Estos t\u00e9rminos y condiciones (las \u201cCondiciones\u201d) rigen nuestro suministro y el acceso y utilizaci\u00f3n de https:\/\/www.viladoconderetailpark.com\/es\/ (en lo sucesivo, la \u201cP\u00e1gina Web\u201d), adem\u00e1s de la normativa y regulaci\u00f3n aplicable. Lea detenidamente estas Condiciones antes de utilizar la P\u00e1gina Web. &nbsp;La utilizaci\u00f3n de la P\u00e1gina Web implica que Usted acepta las presentes&hellip;","protected":false},"author":1,"featured_media":934,"parent":0,"menu_order":0,"comment_status":"closed","ping_status":"closed","template":"","meta":{"_acf_changed":false,"footnotes":""},"class_list":["post-473","page","type-page","status-publish","has-post-thumbnail","hentry"],"acf":[],"_links":{"self":[{"href":"https:\/\/www.viladoconderetailpark.com\/es\/wp-json\/wp\/v2\/pages\/473","targetHints":{"allow":["GET"]}}],"collection":[{"href":"https:\/\/www.viladoconderetailpark.com\/es\/wp-json\/wp\/v2\/pages"}],"about":[{"href":"https:\/\/www.viladoconderetailpark.com\/es\/wp-json\/wp\/v2\/types\/page"}],"author":[{"embeddable":true,"href":"https:\/\/www.viladoconderetailpark.com\/es\/wp-json\/wp\/v2\/users\/1"}],"replies":[{"embeddable":true,"href":"https:\/\/www.viladoconderetailpark.com\/es\/wp-json\/wp\/v2\/comments?post=473"}],"version-history":[{"count":3,"href":"https:\/\/www.viladoconderetailpark.com\/es\/wp-json\/wp\/v2\/pages\/473\/revisions"}],"predecessor-version":[{"id":897,"href":"https:\/\/www.viladoconderetailpark.com\/es\/wp-json\/wp\/v2\/pages\/473\/revisions\/897"}],"wp:featuredmedia":[{"embeddable":true,"href":"https:\/\/www.viladoconderetailpark.com\/es\/wp-json\/wp\/v2\/media\/934"}],"wp:attachment":[{"href":"https:\/\/www.viladoconderetailpark.com\/es\/wp-json\/wp\/v2\/media?parent=473"}],"curies":[{"name":"wp","href":"https:\/\/api.w.org\/{rel}","templated":true}]}}