{"id":71,"date":"2021-11-12T19:11:37","date_gmt":"2021-11-12T19:11:37","guid":{"rendered":"https:\/\/www.viladoconderetailpark.com\/?page_id=71"},"modified":"2024-01-31T12:29:12","modified_gmt":"2024-01-31T12:29:12","slug":"politica-de-cookies","status":"publish","type":"page","link":"https:\/\/www.viladoconderetailpark.com\/es\/politica-de-cookies\/","title":{"rendered":"Politica de cookies"},"content":{"rendered":"\n<p>Esta Declaraci\u00f3n sobre Cookies le informa sobre c\u00f3mo utilizamos las cookies y otras tecnolog\u00edas similares (denominadas conjuntamente: cookies) y explica la forma en que se almacenan las cookies y se lee la informaci\u00f3n de su ordenador, dispositivo m\u00f3vil y\/o tableta cuando visita nuestro sitio web <a href=\"https:\/\/www.viladoconderetailpark.com\/es\/\">https:\/\/www.viladoconderetailpark.com\/es\/<\/a>.<\/p>\n\n\n\n<p>Las cookies tambi\u00e9n pueden procesar sus datos personales. Para m\u00e1s informaci\u00f3n sobre c\u00f3mo procesamos sus datos personales y gestionamos su privacidad, consulte nuestra Pol\u00edtica de Privacidad y, en caso de cookies de terceros, la pol\u00edtica de privacidad de ese tercero. Si tiene m\u00e1s preguntas o desea m\u00e1s informaci\u00f3n sobre este tema, no dude en ponerse en contacto con nosotros en <a href=\"mailto:Privacy.Porto@viaoutlets.com\">Privacy.Porto@viaoutlets.com<\/a>.<\/p>\n\n\n\n<p><\/p>\n\n\n\n<p><strong>\u00bfQU\u00c9 SON LAS COOKIES? <\/strong><\/p>\n\n\n\n<p><strong>Cookies. <\/strong>Las cookies son peque\u00f1os fragmentos de datos que pueden almacenarse en su ordenador, smartphone u otro dispositivo con el que acceda a Internet a trav\u00e9s de un navegador web. Cuando se visita un sitio web, el sitio web puede almacenar estas cookies en su dispositivo a trav\u00e9s de su navegador web. Ejemplos de navegadores web son: Microsoft Edge, Firefox, Safari, Google Chrome y Opera. Puede encontrar m\u00e1s informaci\u00f3n sobre las cookies en: www.allaboutcookies.org y <a href=\"http:\/\/www.youronlinechoices.com\">www.youronlinechoices.com<\/a>.<\/p>\n\n\n\n<p>Una vez almacenada una cookie en su dispositivo, \u00e9ste podr\u00e1 ser reconocido cuando navegue por el sitio web a trav\u00e9s del mismo navegador. Esto permitir\u00e1 a nuestro sitio web \u00abrecordar\u00bb su configuraci\u00f3n de consentimiento de cookies.<\/p>\n\n\n\n<p>Existen dos tipos diferentes de cookies:<\/p>\n\n\n\n<ul class=\"wp-block-list\">\n<li>Cookies propias. Cookies que almacenamos en su dispositivo para nuestros propios fines.<\/li>\n\n\n\n<li>Cookies de terceros. Cookies almacenadas por terceros que hemos contratado. Las denominadas cookies de terceros son cookies almacenadas por o para un tercero.<\/li>\n<\/ul>\n\n\n\n<p><strong>Ciclo de vida de las cookies.<\/strong> Las cookies tienen un periodo de validez determinado, que comienza en el momento en que se almacenan en un dispositivo. Algunas de las cookies que almacenamos son v\u00e1lidas durante una sesi\u00f3n. Esto significa que las cookies se borran autom\u00e1ticamente en cuanto se cierra el navegador. Tambi\u00e9n hay cookies que siguen siendo v\u00e1lidas durante un periodo de tiempo m\u00e1s largo, de modo que tambi\u00e9n pueden leerse en su pr\u00f3xima visita a nuestro sitio web.<\/p>\n\n\n\n<p><strong>Tecnolog\u00edas similares. <\/strong>Adem\u00e1s de las cookies, pueden utilizarse otras t\u00e9cnicas similares con fines parecidos. Para mayor comodidad, todas las tecnolog\u00edas pertinentes se denominan conjuntamente cookies en la presente Declaraci\u00f3n sobre Cookies. A continuaci\u00f3n, encontrar\u00e1 una breve descripci\u00f3n de algunas tecnolog\u00edas similares relevantes:<strong><\/strong><\/p>\n\n\n\n<ul class=\"wp-block-list\">\n<li>Almacenamiento local HTML5. Almacenamiento local HTML5 Local Storage y elementos locales compartidos pueden usarse con los mismos fines que las cookies.<\/li>\n\n\n\n<li>Balizas web. Las balizas web (tambi\u00e9n llamadas \u00abetiquetas\u00bb o \u00abp\u00edxeles de seguimiento\u00bb) son fragmentos de c\u00f3digo de programaci\u00f3n que pueden incluirse, por ejemplo, en p\u00e1ginas web. Las balizas web pueden notificar al usuario cuando esas p\u00e1ginas web han sido vistas o se ha hecho clic en ellas.<\/li>\n\n\n\n<li>Scripts. Un script es un fragmento de c\u00f3digo de programa que se utiliza para que nuestro sitio web funcione correctamente y de forma interactiva. Este c\u00f3digo se ejecuta en nuestro servidor o en su dispositivo.<\/li>\n<\/ul>\n\n\n\n<p><\/p>\n\n\n\n<p><strong>\u00bfQU\u00c9 TIPO DE COOKIES UTILIZAMOS? <\/strong><\/p>\n\n\n\n<p>En nuestro sitio web utilizamos las siguientes categor\u00edas de cookies. Para obtener una descripci\u00f3n general de las cookies espec\u00edficas que utilizamos, consulte la descripci\u00f3n general completa en esta Declaraci\u00f3n sobre Cookies.<\/p>\n\n\n\n<p><strong>Cookies t\u00e9cnicas (necesarias). <\/strong>Estas cookies son esenciales para que el sitio web funcione correctamente y las utilizamos con fines funcionales y t\u00e9cnicos para ofrecer un sitio web avanzado y f\u00e1cil de usar que se adapte autom\u00e1ticamente a las necesidades y deseos de nuestros visitantes y usuarios. Por ejemplo, las cookies funcionales garantizan que, despu\u00e9s de iniciar sesi\u00f3n en el sitio web, no tenga que volver a hacerlo en cada p\u00e1gina.<\/p>\n\n\n\n<p>De conformidad con la normativa aplicable, pueden colocarse cookies funcionales y t\u00e9cnicas sin su consentimiento. Estas cookies tienen poca o ninguna consecuencia para su privacidad.<\/p>\n\n\n\n<p><strong>Cookies de preferencias. <\/strong>Una cookie de preferencias es una cookie utilizada para almacenar informaci\u00f3n sobre las preferencias y elecciones de un usuario al interactuar con un sitio web. Se utilizan para recordar las preferencias del usuario, como las preferencias de idioma, la configuraci\u00f3n de la tem\u00e1tica y otras opciones de personalizaci\u00f3n elegidas, y mejorar la experiencia del usuario. Por ejemplo, si un sitio web permite a los usuarios personalizar el dise\u00f1o, la combinaci\u00f3n de colores o el tama\u00f1o de letra, estas preferencias pueden almacenarse en una cookie de preferencias para que el sitio web pueda recordarlas y aplicarlas la pr\u00f3xima vez que el usuario lo visite.<\/p>\n\n\n\n<p><strong>Cookies anal\u00edticas (anal\u00edticas). <\/strong>Estas cookies se utilizan para recopilar informaci\u00f3n estad\u00edstica y conocer el modo en que se utiliza el sitio web. Por ejemplo, se trata de cookies que nos dicen con qu\u00e9 frecuencia se visita un sitio web, qu\u00e9 informaci\u00f3n buscan los visitantes y qu\u00e9 p\u00e1ginas son las m\u00e1s visitadas. Podemos utilizar esta informaci\u00f3n para mejorar nuestro sitio web. De conformidad con la normativa aplicable, las cookies anal\u00edticas pueden colocarse sin su consentimiento cuando no tengan ninguna o pocas consecuencias para su privacidad.<\/p>\n\n\n\n<p>Utilizamos herramientas como Google Analytics, entre otras, para recopilar estad\u00edsticas sobre el uso y las visitas al sitio web. La informaci\u00f3n que obtenemos es transferida a Google y almacenada por Google en servidores de Estados Unidos. Google Analytics analiza estos datos sobre el sitio web y nos proporciona los resultados. En Google Analytics 4, las direcciones IP no se registran ni almacenan. ara obtener m\u00e1s informaci\u00f3n sobre las cookies de Google Analytics, haga clic <a href=\"https:\/\/developers.google.com\/analytics\/devguides\/collection\/gajs\/cookie-usage\">aqu\u00ed<\/a>. Google tambi\u00e9n le ofrece la posibilidad de darse de baja de la recopilaci\u00f3n de datos en el marco de Google Analytics mediante el complemento de inhabilitaci\u00f3n para navegadores de Google Analytics. Haga click <a href=\"https:\/\/tools.google.com\/dlpage\/gaoptout?hl=en\">aqu\u00ed<\/a> para hacer uso de esta opci\u00f3n. Haga click <a href=\"https:\/\/policies.google.com\/technologies\/cookies?hl=en\">aqu\u00ed<\/a> para obtener m\u00e1s informaci\u00f3n general sobre el uso que hace Google de las cookies.<\/p>\n\n\n\n<p><strong>Cookies publicitarias (marketing).<\/strong> Estas cookies, que pueden ser tanto de terceros como propias, se utilizan para rastrearle en Internet y recopilar informaci\u00f3n sobre su comportamiento de navegaci\u00f3n en los distintos sitios web que visita. Esta informaci\u00f3n se utiliza para hacer que los anuncios que se le muestran sean relevantes para sus intereses, limitando al mismo tiempo la repetici\u00f3n de los anuncios mostrados. Estas cookies requieren siempre su consentimiento.<strong><\/strong><\/p>\n\n\n\n<p><\/p>\n\n\n\n<p><strong>\u00bfC\u00d3MO GESTIONAR LAS COOKIES Y SU CONFIGURACI\u00d3N? <\/strong><\/p>\n\n\n\n<p>Puede cambiar la configuraci\u00f3n de las cookies en general &#8211; para todos los sitios web que visite &#8211; a trav\u00e9s de la configuraci\u00f3n de su navegador. Tambi\u00e9n puede cambiar la configuraci\u00f3n de cookies solo para nuestro sitio web.<\/p>\n\n\n\n<p><strong>Configuraci\u00f3n del navegador. <\/strong>En la mayor\u00eda de los navegadores de Internet es posible ajustar la configuraci\u00f3n del navegador de forma que reciba una advertencia antes de que se instale una cookie. En la mayor\u00eda de los casos, tambi\u00e9n es posible configurar el navegador para que rechace todas las cookies o s\u00f3lo las de terceros. Adem\u00e1s, puede eliminar las cookies ya instaladas o configurar el navegador para que borre todas las cookies al cerrarlo. Tenga en cuenta que es necesario ajustar estas opciones por separado en cada navegador y dispositivo que utilice.<\/p>\n\n\n\n<p><strong>No rastrear.<\/strong> Si detectamos que ha activado la opci\u00f3n No Rastrear en su navegador, desactivaremos autom\u00e1ticamente las cookies publicitarias.<strong><\/strong><\/p>\n\n\n\n<p><strong>C\u00f3mo cambiar o eliminar la configuraci\u00f3n de cookies en su navegador.<\/strong> En su navegador puede cambiar sus preferencias de cookies y elegir si desea aceptarlas o no. El tipo de opciones que puede elegir var\u00eda de un navegador a otro, como por ejemplo rechazar todas las cookies de terceros. Para su comodidad, incluimos a continuaci\u00f3n enlaces sobre c\u00f3mo cambiar la configuraci\u00f3n de las cookies en los navegadores de Internet m\u00e1s utilizados:<\/p>\n\n\n\n<p><a href=\"https:\/\/support.google.com\/accounts\/answer\/61416?co=GENIE.Platform%3DDesktop&amp;hl=en\" target=\"_blank\" rel=\"noreferrer noopener\">C\u00f3mo modificar la configuraci\u00f3n de cookies en Google Chrome<\/a><\/p>\n\n\n\n<p><a href=\"https:\/\/www.whatismybrowser.com\/guides\/how-to-enable-cookies\/edge\" target=\"_blank\" rel=\"noreferrer noopener\">C\u00f3mo modificar la configuraci\u00f3n de cookies en Microsoft Edge<\/a><\/p>\n\n\n\n<p><a href=\"https:\/\/support.apple.com\/guide\/safari\/manage-cookies-and-website-data-sfri11471\/mac\" target=\"_blank\" rel=\"noreferrer noopener\">C\u00f3mo modificar la configuraci\u00f3n de cookies en Safari<\/a><\/p>\n\n\n\n<p><a href=\"https:\/\/support.mozilla.org\/en-US\/kb\/cookies-information-websites-store-on-your-computer#w_cookie-settings\" target=\"_blank\" rel=\"noreferrer noopener\">C\u00f3mo modificar la configuraci\u00f3n de cookies en Mozilla Firefox<\/a><\/p>\n\n\n\n<p><a href=\"https:\/\/help.opera.com\/en\/latest\/web-preferences\/\" target=\"_blank\" rel=\"noreferrer noopener\">C\u00f3mo modificar la configuraci\u00f3n de cookies en Opera<\/a><\/p>\n\n\n\n<p><a href=\"https:\/\/help.vivaldi.com\/desktop\/privacy\/cookies\/\" target=\"_blank\" rel=\"noreferrer noopener\">C\u00f3mo modificar la configuraci\u00f3n de cookies en Vivaldi<\/a><\/p>\n\n\n\n<p><a href=\"https:\/\/browser.yandex.com\/help\/personal-data-protection\/cookies.html#what\" target=\"_blank\" rel=\"noreferrer noopener\">C\u00f3mo modificar la configuraci\u00f3n de cookies en Yandex<\/a><\/p>\n\n\n\n<p><strong>Funcionamiento del sitio web.<\/strong> Si decide desactivar o eliminar las cookies, es posible que ya no pueda acceder a (partes de) la p\u00e1gina web o que \u00e9sta no funcione de forma \u00f3ptima.<\/p>\n\n\n\n<p><\/p>\n\n\n\n<p><strong>RESUMEN DE COOKIES<\/strong><\/p>\n\n\n\n<p>A continuaci\u00f3n encontrar\u00e1 un resumen de las cookies que utilizamos y la finalidad para la que se recopilan los datos. La lista se actualiza peri\u00f3dicamente y es lo m\u00e1s completa posible.<\/p>\n\n\n\n<figure class=\"wp-block-table\"><table><tbody><tr><td><strong>Nombre de la cookie<\/strong><strong><\/strong><\/td><td><strong>Finalidad<\/strong><\/td><td><strong>Caducidad<\/strong><\/td><td><strong>Tipo de cookie<\/strong><\/td><\/tr><tr><td>_ga Google Universal Analytics<\/td><td>Esta cookie se utiliza para distinguir a los usuarios \u00fanicos asign\u00e1ndoles un n\u00famero generado aleatoriamente como identificador de cliente. Se incluye en cada solicitud de p\u00e1gina de una web y se utiliza para calcular datos de visitantes, sesiones y campa\u00f1as para los informes anal\u00edticos de la p\u00e1gina web.<\/td><td>2 a\u00f1os<\/td><td>Anal\u00edtica<\/td><\/tr><tr><td>_gat Google Universal Analytics<\/td><td>La utiliza Google Analytics para acelerar la tasa de solicitudes.<\/td><td>1 d\u00eda<\/td><td>Anal\u00edtica<\/td><\/tr><tr><td>_gid Google Universal Analytics<\/td><td>Almacena y actualiza un valor \u00fanico para cada p\u00e1gina que se visite.<\/td><td>7 d\u00edas<\/td><td>Anal\u00edtica<\/td><\/tr><tr><td>_gac Google Universal Analytics<\/td><td>El elemento pattern en el nombre contiene el n\u00famero de identidad \u00fanico de la cuenta o de la p\u00e1gina web con el que se relaciona.<\/td><td>65 d\u00edas<\/td><td>Anal\u00edtica<\/td><\/tr><tr><td>_uet, muid<\/td><td>Esta cookie nos permite rastrear la actividad de la p\u00e1gina web mediante Bing. Estos datos se utilizan para supervisar el rendimiento de la publicidad y proporcionar anuncios mejor orientados.<\/td><td>2 a\u00f1os<\/td><td>Anal\u00edtica<\/td><\/tr><tr><td>_hjIncludedInSample Terceros: <a href=\"http:\/\/hotjar.com\/\">hotjar.com<\/a><\/td><td>Esta cookie de sesi\u00f3n est\u00e1 configurada para que Hotjar sepa si ese visitante est\u00e1 incluido en la muestra que se utiliza para generar embudos.<\/td><td>60 d\u00edas<\/td><td>Anal\u00edtica<\/td><\/tr><tr><td>_cookiesAccepted<\/td><td>Identifica si un usuario acepta la Pol\u00edtica de Cookies.<\/td><td>30 d\u00edas<\/td><td>Anal\u00edtica<\/td><\/tr><tr><td>_fbp Terceros: Facebook<\/td><td>Esta cookie nos permite medir el rendimiento de la publicidad de Facebook y ofrecer anuncios personalizados en esta plataforma.<\/td><td>90 d\u00edas<\/td><td>Rastreo<\/td><\/tr><tr><td>_fr Terceros: Facebook<\/td><td>Nos permite controlar los botones \u00abS\u00edguenos en Facebook\u00bb y \u00abMe gusta\u00bb.<\/td><td>90 d\u00edas desde la \u00faltima visita a la p\u00e1gina web<\/td><td>Rastreo<\/td><\/tr><tr><td>gcl_au Terceros: Google AdSense<\/td><td>Utilizada por Google AdSense para experimentar con la eficiencia de la publicidad entre todas las p\u00e1ginas web que utilizan sus servicios.<\/td><td>7 d\u00edas<\/td><td>Rastreo<\/td><\/tr><tr><td>Doubleclick Terceros: Doubleclick<\/td><td>Se utiliza para rastrear la actividad del sitio web para ayudar a optimizar la publicidad.<\/td><td>396 d\u00edas<\/td><td>Rastreo<\/td><\/tr><tr><td>Terceros: Adwords<\/td><td>La utiliza Google Adwords para volver a captar a los visitantes que potencialmente puedan llegar a ser clientes seg\u00fan su comportamiento en l\u00ednea en distintas p\u00e1ginas web.<\/td><td>396 d\u00edas<\/td><td>Rastreo<\/td><\/tr><tr><td>cid Terceros: <a href=\"http:\/\/adform.net\/\">Adform.net<\/a><\/td><td>Optimiza la visualizaci\u00f3n de los anuncios en funci\u00f3n del movimiento combinado del usuario y varias ofertas de anunciantes para mostrar anuncios a los usuarios.<\/td><td>60 d\u00edas<\/td><td>Rastreo<\/td><\/tr><tr><td>cid Terceros: <a href=\"http:\/\/adform.net\/\">Adform.net<\/a><\/td><td>Registra un ID de usuario \u00fanico que reconoce el navegador del usuario al visitar p\u00e1ginas web que utilicen la misma red de publicidad. El objetivo es optimizar la visualizaci\u00f3n de los anuncios en funci\u00f3n de los movimientos del usuario y varias ofertas de anunciantes para mostrar anuncios a los usuarios.<\/td><td>60 d\u00edas<\/td><td>Rastreo<\/td><\/tr><tr><td>DDMMUI-PROFILE, 1P_JAR, ANID, APISID, CONSENT, DSID, HSID, IDE, NID, S, SAPISID, SID, SIDCC, SSID Terceros: Doubleclick \/ Google<\/td><td>Esta cookie de sesi\u00f3n est\u00e1 configurada para que Hotjar sepa si ese visitante est\u00e1 incluido en la muestra que se utiliza para generar embudos.<\/td><td>2 a\u00f1os<\/td><td>Rastreo<\/td><\/tr><\/tbody><\/table><\/figure>\n","protected":false},"excerpt":{"rendered":"Esta Declaraci\u00f3n sobre Cookies le informa sobre c\u00f3mo utilizamos las cookies y otras tecnolog\u00edas similares (denominadas conjuntamente: cookies) y explica la forma en que se almacenan las cookies y se lee la informaci\u00f3n de su ordenador, dispositivo m\u00f3vil y\/o tableta cuando visita nuestro sitio web https:\/\/www.viladoconderetailpark.com\/es\/. Las cookies tambi\u00e9n pueden procesar sus datos personales. Para&hellip;","protected":false},"author":1,"featured_media":852,"parent":0,"menu_order":0,"comment_status":"closed","ping_status":"closed","template":"","meta":{"_acf_changed":false,"footnotes":""},"class_list":["post-71","page","type-page","status-publish","has-post-thumbnail","hentry"],"acf":[],"_links":{"self":[{"href":"https:\/\/www.viladoconderetailpark.com\/es\/wp-json\/wp\/v2\/pages\/71","targetHints":{"allow":["GET"]}}],"collection":[{"href":"https:\/\/www.viladoconderetailpark.com\/es\/wp-json\/wp\/v2\/pages"}],"about":[{"href":"https:\/\/www.viladoconderetailpark.com\/es\/wp-json\/wp\/v2\/types\/page"}],"author":[{"embeddable":true,"href":"https:\/\/www.viladoconderetailpark.com\/es\/wp-json\/wp\/v2\/users\/1"}],"replies":[{"embeddable":true,"href":"https:\/\/www.viladoconderetailpark.com\/es\/wp-json\/wp\/v2\/comments?post=71"}],"version-history":[{"count":4,"href":"https:\/\/www.viladoconderetailpark.com\/es\/wp-json\/wp\/v2\/pages\/71\/revisions"}],"predecessor-version":[{"id":873,"href":"https:\/\/www.viladoconderetailpark.com\/es\/wp-json\/wp\/v2\/pages\/71\/revisions\/873"}],"wp:featuredmedia":[{"embeddable":true,"href":"https:\/\/www.viladoconderetailpark.com\/es\/wp-json\/wp\/v2\/media\/852"}],"wp:attachment":[{"href":"https:\/\/www.viladoconderetailpark.com\/es\/wp-json\/wp\/v2\/media?parent=71"}],"curies":[{"name":"wp","href":"https:\/\/api.w.org\/{rel}","templated":true}]}}